{"id":48,"date":"2026-04-06T07:58:35","date_gmt":"2026-04-06T07:58:35","guid":{"rendered":"https:\/\/www.snautopalvelu.fi\/?page_id=48"},"modified":"2026-04-06T08:13:03","modified_gmt":"2026-04-06T08:13:03","slug":"yhteystiedot","status":"publish","type":"page","link":"https:\/\/www.snautopalvelu.fi\/index.php\/etusivu\/yhteystiedot\/","title":{"rendered":"Yhteystiedot"},"content":{"rendered":"\n<div class=\"wp-block-group has-global-padding is-layout-constrained wp-block-group-is-layout-constrained\">\n<p>S-posti: info@snautopalvelu.fi<br>Puh.Nro: 0443848800<br>Meid\u00e4t tavoittaa parhaiten arkisin Whatsappista 08:00-18:00<br><\/p>\n\n\n\n\n<div class=\"wpcf7 no-js\" id=\"wpcf7-f5-o1\" lang=\"fi\" dir=\"ltr\" data-wpcf7-id=\"5\">\n<div class=\"screen-reader-response\"><p role=\"status\" aria-live=\"polite\" aria-atomic=\"true\"><\/p> <ul><\/ul><\/div>\n<form action=\"\/index.php\/wp-json\/wp\/v2\/pages\/48#wpcf7-f5-o1\" method=\"post\" class=\"wpcf7-form init\" aria-label=\"Yhteydenottolomake\" novalidate=\"novalidate\" data-status=\"init\">\n<fieldset class=\"hidden-fields-container\"><input type=\"hidden\" name=\"_wpcf7\" value=\"5\" \/><input type=\"hidden\" name=\"_wpcf7_version\" value=\"6.1.5\" \/><input type=\"hidden\" name=\"_wpcf7_locale\" value=\"fi\" \/><input type=\"hidden\" name=\"_wpcf7_unit_tag\" value=\"wpcf7-f5-o1\" \/><input type=\"hidden\" name=\"_wpcf7_container_post\" value=\"0\" \/><input type=\"hidden\" name=\"_wpcf7_posted_data_hash\" value=\"\" \/>\n<\/fieldset>\n<p><label> Nimesi<br \/>\n<span class=\"wpcf7-form-control-wrap\" data-name=\"your-name\"><input size=\"40\" maxlength=\"400\" class=\"wpcf7-form-control wpcf7-text wpcf7-validates-as-required\" autocomplete=\"name\" aria-required=\"true\" aria-invalid=\"false\" value=\"\" type=\"text\" name=\"your-name\" \/><\/span> <\/label>\n<\/p>\n<p><label> S\u00e4hk\u00f6postiosoitteesi<br \/>\n<span class=\"wpcf7-form-control-wrap\" data-name=\"your-email\"><input size=\"40\" maxlength=\"400\" class=\"wpcf7-form-control wpcf7-email wpcf7-validates-as-required wpcf7-text wpcf7-validates-as-email\" autocomplete=\"email\" aria-required=\"true\" aria-invalid=\"false\" value=\"\" type=\"email\" name=\"your-email\" \/><\/span> <\/label>\n<\/p>\n<p><label> Aihe<br \/>\n<span class=\"wpcf7-form-control-wrap\" data-name=\"your-subject\"><input size=\"40\" maxlength=\"400\" class=\"wpcf7-form-control wpcf7-text wpcf7-validates-as-required\" aria-required=\"true\" aria-invalid=\"false\" value=\"\" type=\"text\" name=\"your-subject\" \/><\/span> <\/label>\n<\/p>\n<p><label> Viestisi (valinnainen)<br \/>\n<span class=\"wpcf7-form-control-wrap\" data-name=\"your-message\"><textarea cols=\"40\" rows=\"10\" maxlength=\"2000\" class=\"wpcf7-form-control wpcf7-textarea\" aria-invalid=\"false\" name=\"your-message\"><\/textarea><\/span> <\/label>\n<\/p>\n<p><input class=\"wpcf7-form-control wpcf7-submit has-spinner\" type=\"submit\" value=\"L\u00e4het\u00e4\" \/>\n<\/p><div class=\"wpcf7-response-output\" aria-hidden=\"true\"><\/div>\n<\/form>\n<\/div>\n\n<\/div>\n\n\n\n<p><\/p>\n","protected":false},"excerpt":{"rendered":"<p>S-posti: info@snautopalvelu.fiPuh.Nro: 0443848800Meid\u00e4t tavoittaa parhaiten arkisin Whatsappista 08:00-18:00<\/p>\n","protected":false},"author":1,"featured_media":21,"parent":14,"menu_order":0,"comment_status":"open","ping_status":"closed","template":"","meta":{"footnotes":""},"class_list":["post-48","page","type-page","status-publish","has-post-thumbnail","hentry"],"yoast_head":"<!-- This site is optimized with the Yoast SEO plugin v27.5 - https:\/\/yoast.com\/product\/yoast-seo-wordpress\/ -->\n<title>Yhteystiedot - SN AutoPalvelu - Takuulla paras!<\/title>\n<meta name=\"description\" content=\"SN AutoPalvelun aukioloajat ja yhteystiedot. Ota yhteytt\u00e4 lomakkeen kautta tai varaa aika puhelimitse jo samana p\u00e4iv\u00e4n\u00e4!\" \/>\n<meta name=\"robots\" content=\"index, follow, max-snippet:-1, max-image-preview:large, max-video-preview:-1\" \/>\n<link rel=\"canonical\" href=\"https:\/\/www.snautopalvelu.fi\/index.php\/etusivu\/yhteystiedot\/\" \/>\n<meta property=\"og:locale\" content=\"fi_FI\" \/>\n<meta property=\"og:type\" content=\"article\" \/>\n<meta property=\"og:title\" content=\"Yhteystiedot - SN AutoPalvelu - Takuulla paras!\" \/>\n<meta property=\"og:description\" content=\"SN AutoPalvelun aukioloajat ja yhteystiedot. Ota yhteytt\u00e4 lomakkeen kautta tai varaa aika puhelimitse jo samana p\u00e4iv\u00e4n\u00e4!\" \/>\n<meta property=\"og:url\" content=\"https:\/\/www.snautopalvelu.fi\/index.php\/etusivu\/yhteystiedot\/\" \/>\n<meta property=\"og:site_name\" content=\"SN AutoPalvelu - Takuulla paras!\" \/>\n<meta property=\"article:modified_time\" content=\"2026-04-06T08:13:03+00:00\" \/>\n<meta property=\"og:image\" content=\"https:\/\/www.snautopalvelu.fi\/wp-content\/uploads\/2026\/04\/Moottori-tila.png\" \/>\n\t<meta property=\"og:image:width\" content=\"580\" \/>\n\t<meta property=\"og:image:height\" content=\"353\" \/>\n\t<meta property=\"og:image:type\" content=\"image\/png\" \/>\n<meta name=\"twitter:card\" content=\"summary_large_image\" \/>\n<meta name=\"twitter:label1\" content=\"Arvioitu lukuaika\" \/>\n\t<meta name=\"twitter:data1\" content=\"1 minuutti\" \/>\n<script type=\"application\/ld+json\" class=\"yoast-schema-graph\">{\"@context\":\"https:\\\/\\\/schema.org\",\"@graph\":[{\"@type\":\"WebPage\",\"@id\":\"https:\\\/\\\/www.snautopalvelu.fi\\\/index.php\\\/etusivu\\\/yhteystiedot\\\/\",\"url\":\"https:\\\/\\\/www.snautopalvelu.fi\\\/index.php\\\/etusivu\\\/yhteystiedot\\\/\",\"name\":\"Yhteystiedot - SN AutoPalvelu - Takuulla paras!\",\"isPartOf\":{\"@id\":\"https:\\\/\\\/www.snautopalvelu.fi\\\/#website\"},\"primaryImageOfPage\":{\"@id\":\"https:\\\/\\\/www.snautopalvelu.fi\\\/index.php\\\/etusivu\\\/yhteystiedot\\\/#primaryimage\"},\"image\":{\"@id\":\"https:\\\/\\\/www.snautopalvelu.fi\\\/index.php\\\/etusivu\\\/yhteystiedot\\\/#primaryimage\"},\"thumbnailUrl\":\"https:\\\/\\\/www.snautopalvelu.fi\\\/wp-content\\\/uploads\\\/2026\\\/04\\\/Moottori-tila.png\",\"datePublished\":\"2026-04-06T07:58:35+00:00\",\"dateModified\":\"2026-04-06T08:13:03+00:00\",\"description\":\"SN AutoPalvelun aukioloajat ja yhteystiedot. Ota yhteytt\u00e4 lomakkeen kautta tai varaa aika puhelimitse jo samana p\u00e4iv\u00e4n\u00e4!\",\"breadcrumb\":{\"@id\":\"https:\\\/\\\/www.snautopalvelu.fi\\\/index.php\\\/etusivu\\\/yhteystiedot\\\/#breadcrumb\"},\"inLanguage\":\"fi\",\"potentialAction\":[{\"@type\":\"ReadAction\",\"target\":[\"https:\\\/\\\/www.snautopalvelu.fi\\\/index.php\\\/etusivu\\\/yhteystiedot\\\/\"]}]},{\"@type\":\"ImageObject\",\"inLanguage\":\"fi\",\"@id\":\"https:\\\/\\\/www.snautopalvelu.fi\\\/index.php\\\/etusivu\\\/yhteystiedot\\\/#primaryimage\",\"url\":\"https:\\\/\\\/www.snautopalvelu.fi\\\/wp-content\\\/uploads\\\/2026\\\/04\\\/Moottori-tila.png\",\"contentUrl\":\"https:\\\/\\\/www.snautopalvelu.fi\\\/wp-content\\\/uploads\\\/2026\\\/04\\\/Moottori-tila.png\",\"width\":580,\"height\":353},{\"@type\":\"BreadcrumbList\",\"@id\":\"https:\\\/\\\/www.snautopalvelu.fi\\\/index.php\\\/etusivu\\\/yhteystiedot\\\/#breadcrumb\",\"itemListElement\":[{\"@type\":\"ListItem\",\"position\":1,\"name\":\"Etusivu\",\"item\":\"https:\\\/\\\/www.snautopalvelu.fi\\\/\"},{\"@type\":\"ListItem\",\"position\":2,\"name\":\"Etusivu\",\"item\":\"https:\\\/\\\/www.snautopalvelu.fi\\\/\"},{\"@type\":\"ListItem\",\"position\":3,\"name\":\"Yhteystiedot\"}]},{\"@type\":\"WebSite\",\"@id\":\"https:\\\/\\\/www.snautopalvelu.fi\\\/#website\",\"url\":\"https:\\\/\\\/www.snautopalvelu.fi\\\/\",\"name\":\"SN AutoPalvelu - Takuulla paras!\",\"description\":\"SN AutoPalvelu on vuonna 2025 perustettu toiminimiyritys Oulun Metsokankaalla. Olemme korjanneet ja huoltaneet useita eri automerkkej\u00e4 t\u00e4m\u00e4n lyhyen yritys taipaleen aikana. Asiantuntemus ja luotto ty\u00f6h\u00f6n tulee vankalta harrastus pohjalta. Olemme rakentaneet autoja kohta 8 vuoden ajan.\",\"publisher\":{\"@id\":\"https:\\\/\\\/www.snautopalvelu.fi\\\/#organization\"},\"potentialAction\":[{\"@type\":\"SearchAction\",\"target\":{\"@type\":\"EntryPoint\",\"urlTemplate\":\"https:\\\/\\\/www.snautopalvelu.fi\\\/?s={search_term_string}\"},\"query-input\":{\"@type\":\"PropertyValueSpecification\",\"valueRequired\":true,\"valueName\":\"search_term_string\"}}],\"inLanguage\":\"fi\"},{\"@type\":\"Organization\",\"@id\":\"https:\\\/\\\/www.snautopalvelu.fi\\\/#organization\",\"name\":\"SN AutoPalvelu - Takuulla paras!\",\"url\":\"https:\\\/\\\/www.snautopalvelu.fi\\\/\",\"logo\":{\"@type\":\"ImageObject\",\"inLanguage\":\"fi\",\"@id\":\"https:\\\/\\\/www.snautopalvelu.fi\\\/#\\\/schema\\\/logo\\\/image\\\/\",\"url\":\"https:\\\/\\\/www.snautopalvelu.fi\\\/wp-content\\\/uploads\\\/2026\\\/04\\\/SNAUTOPALVELU.png\",\"contentUrl\":\"https:\\\/\\\/www.snautopalvelu.fi\\\/wp-content\\\/uploads\\\/2026\\\/04\\\/SNAUTOPALVELU.png\",\"width\":1024,\"height\":1024,\"caption\":\"SN AutoPalvelu - Takuulla paras!\"},\"image\":{\"@id\":\"https:\\\/\\\/www.snautopalvelu.fi\\\/#\\\/schema\\\/logo\\\/image\\\/\"}}]}<\/script>\n<!-- \/ Yoast SEO plugin. -->","yoast_head_json":{"title":"Yhteystiedot - SN AutoPalvelu - Takuulla paras!","description":"SN AutoPalvelun aukioloajat ja yhteystiedot. Ota yhteytt\u00e4 lomakkeen kautta tai varaa aika puhelimitse jo samana p\u00e4iv\u00e4n\u00e4!","robots":{"index":"index","follow":"follow","max-snippet":"max-snippet:-1","max-image-preview":"max-image-preview:large","max-video-preview":"max-video-preview:-1"},"canonical":"https:\/\/www.snautopalvelu.fi\/index.php\/etusivu\/yhteystiedot\/","og_locale":"fi_FI","og_type":"article","og_title":"Yhteystiedot - SN AutoPalvelu - Takuulla paras!","og_description":"SN AutoPalvelun aukioloajat ja yhteystiedot. Ota yhteytt\u00e4 lomakkeen kautta tai varaa aika puhelimitse jo samana p\u00e4iv\u00e4n\u00e4!","og_url":"https:\/\/www.snautopalvelu.fi\/index.php\/etusivu\/yhteystiedot\/","og_site_name":"SN AutoPalvelu - Takuulla paras!","article_modified_time":"2026-04-06T08:13:03+00:00","og_image":[{"width":580,"height":353,"url":"https:\/\/www.snautopalvelu.fi\/wp-content\/uploads\/2026\/04\/Moottori-tila.png","type":"image\/png"}],"twitter_card":"summary_large_image","twitter_misc":{"Arvioitu lukuaika":"1 minuutti"},"schema":{"@context":"https:\/\/schema.org","@graph":[{"@type":"WebPage","@id":"https:\/\/www.snautopalvelu.fi\/index.php\/etusivu\/yhteystiedot\/","url":"https:\/\/www.snautopalvelu.fi\/index.php\/etusivu\/yhteystiedot\/","name":"Yhteystiedot - SN AutoPalvelu - Takuulla paras!","isPartOf":{"@id":"https:\/\/www.snautopalvelu.fi\/#website"},"primaryImageOfPage":{"@id":"https:\/\/www.snautopalvelu.fi\/index.php\/etusivu\/yhteystiedot\/#primaryimage"},"image":{"@id":"https:\/\/www.snautopalvelu.fi\/index.php\/etusivu\/yhteystiedot\/#primaryimage"},"thumbnailUrl":"https:\/\/www.snautopalvelu.fi\/wp-content\/uploads\/2026\/04\/Moottori-tila.png","datePublished":"2026-04-06T07:58:35+00:00","dateModified":"2026-04-06T08:13:03+00:00","description":"SN AutoPalvelun aukioloajat ja yhteystiedot. Ota yhteytt\u00e4 lomakkeen kautta tai varaa aika puhelimitse jo samana p\u00e4iv\u00e4n\u00e4!","breadcrumb":{"@id":"https:\/\/www.snautopalvelu.fi\/index.php\/etusivu\/yhteystiedot\/#breadcrumb"},"inLanguage":"fi","potentialAction":[{"@type":"ReadAction","target":["https:\/\/www.snautopalvelu.fi\/index.php\/etusivu\/yhteystiedot\/"]}]},{"@type":"ImageObject","inLanguage":"fi","@id":"https:\/\/www.snautopalvelu.fi\/index.php\/etusivu\/yhteystiedot\/#primaryimage","url":"https:\/\/www.snautopalvelu.fi\/wp-content\/uploads\/2026\/04\/Moottori-tila.png","contentUrl":"https:\/\/www.snautopalvelu.fi\/wp-content\/uploads\/2026\/04\/Moottori-tila.png","width":580,"height":353},{"@type":"BreadcrumbList","@id":"https:\/\/www.snautopalvelu.fi\/index.php\/etusivu\/yhteystiedot\/#breadcrumb","itemListElement":[{"@type":"ListItem","position":1,"name":"Etusivu","item":"https:\/\/www.snautopalvelu.fi\/"},{"@type":"ListItem","position":2,"name":"Etusivu","item":"https:\/\/www.snautopalvelu.fi\/"},{"@type":"ListItem","position":3,"name":"Yhteystiedot"}]},{"@type":"WebSite","@id":"https:\/\/www.snautopalvelu.fi\/#website","url":"https:\/\/www.snautopalvelu.fi\/","name":"SN AutoPalvelu - Takuulla paras!","description":"SN AutoPalvelu on vuonna 2025 perustettu toiminimiyritys Oulun Metsokankaalla. Olemme korjanneet ja huoltaneet useita eri automerkkej\u00e4 t\u00e4m\u00e4n lyhyen yritys taipaleen aikana. Asiantuntemus ja luotto ty\u00f6h\u00f6n tulee vankalta harrastus pohjalta. Olemme rakentaneet autoja kohta 8 vuoden ajan.","publisher":{"@id":"https:\/\/www.snautopalvelu.fi\/#organization"},"potentialAction":[{"@type":"SearchAction","target":{"@type":"EntryPoint","urlTemplate":"https:\/\/www.snautopalvelu.fi\/?s={search_term_string}"},"query-input":{"@type":"PropertyValueSpecification","valueRequired":true,"valueName":"search_term_string"}}],"inLanguage":"fi"},{"@type":"Organization","@id":"https:\/\/www.snautopalvelu.fi\/#organization","name":"SN AutoPalvelu - Takuulla paras!","url":"https:\/\/www.snautopalvelu.fi\/","logo":{"@type":"ImageObject","inLanguage":"fi","@id":"https:\/\/www.snautopalvelu.fi\/#\/schema\/logo\/image\/","url":"https:\/\/www.snautopalvelu.fi\/wp-content\/uploads\/2026\/04\/SNAUTOPALVELU.png","contentUrl":"https:\/\/www.snautopalvelu.fi\/wp-content\/uploads\/2026\/04\/SNAUTOPALVELU.png","width":1024,"height":1024,"caption":"SN AutoPalvelu - Takuulla paras!"},"image":{"@id":"https:\/\/www.snautopalvelu.fi\/#\/schema\/logo\/image\/"}}]}},"_links":{"self":[{"href":"https:\/\/www.snautopalvelu.fi\/index.php\/wp-json\/wp\/v2\/pages\/48","targetHints":{"allow":["GET"]}}],"collection":[{"href":"https:\/\/www.snautopalvelu.fi\/index.php\/wp-json\/wp\/v2\/pages"}],"about":[{"href":"https:\/\/www.snautopalvelu.fi\/index.php\/wp-json\/wp\/v2\/types\/page"}],"author":[{"embeddable":true,"href":"https:\/\/www.snautopalvelu.fi\/index.php\/wp-json\/wp\/v2\/users\/1"}],"replies":[{"embeddable":true,"href":"https:\/\/www.snautopalvelu.fi\/index.php\/wp-json\/wp\/v2\/comments?post=48"}],"version-history":[{"count":3,"href":"https:\/\/www.snautopalvelu.fi\/index.php\/wp-json\/wp\/v2\/pages\/48\/revisions"}],"predecessor-version":[{"id":51,"href":"https:\/\/www.snautopalvelu.fi\/index.php\/wp-json\/wp\/v2\/pages\/48\/revisions\/51"}],"up":[{"embeddable":true,"href":"https:\/\/www.snautopalvelu.fi\/index.php\/wp-json\/wp\/v2\/pages\/14"}],"wp:featuredmedia":[{"embeddable":true,"href":"https:\/\/www.snautopalvelu.fi\/index.php\/wp-json\/wp\/v2\/media\/21"}],"wp:attachment":[{"href":"https:\/\/www.snautopalvelu.fi\/index.php\/wp-json\/wp\/v2\/media?parent=48"}],"curies":[{"name":"wp","href":"https:\/\/api.w.org\/{rel}","templated":true}]}}